{"id":34,"date":"2014-04-17T21:30:20","date_gmt":"2014-04-17T21:30:20","guid":{"rendered":"http:\/\/fit-in-bieselsberg.de\/wordpress\/?page_id=34"},"modified":"2014-04-18T11:21:38","modified_gmt":"2014-04-18T11:21:38","slug":"impressum","status":"publish","type":"page","link":"https:\/\/fit-in-bieselsberg.de\/wordpress\/?page_id=34","title":{"rendered":"Impressum"},"content":{"rendered":"<p>Die auf diesen Seiten publizierten Informationen sind Eigentum des Domaininhabers. Das Kopieren der Inhalte ben\u00f6tigt dessen Zustimmung.<br \/>\nInhaltlich Verantwortlicher gem\u00e4\u00df \u00a7 10 Absatz 3 MDStV sowie \u00a7 6 TDG:<br \/>\nIlona Schickle-Schwan (Anschrift wie unten)<\/p>\n<p>Domaininhaber und Admin C:<br \/>\nIlona Schickle-Schwan<br \/>\nAhornstr. 1<br \/>\n75328 Sch\u00f6mberg<br \/>\nDeutschland<\/p>\n<p>Umsatzsteuer-ID-Nummer &amp; Steuernummer: &#8211; auf Anfrage &#8211;<\/p>\n<p>\u00a9 Copyright Ilona Schickle-Schwan &#8211; Der Inhalt dieser Seiten ist urheberrechtlich gesch\u00fctzt. Die Nachrichten sind nur f\u00fcr die pers\u00f6nliche Information bestimmt. Jede weitergehende Verwendung, insbesondere die Speicherung in Datenbanken, Ver\u00f6ffentlichung, Vervielf\u00e4ltigung und jede Form von gewerblicher Nutzung sowie die Weitergabe an Dritte &#8211; auch in Teilen oder in \u00fcberarbeiteter Form &#8211; ohne Zustimmung ist untersagt. Besucher dieser Seite erkl\u00e4ren sich mit den Regeln im Impressum einverstanden, ansonsten haben sie die Seite unverz\u00fcglich zu verlassen.<\/p>\n<p><a href=\"http:\/\/www.disclaimer.de\/disclaimer.htm?farbe=D8C090\/660000\/003300\/003300\">Haftungsausschluss<\/a><\/p>\n<p>Verwendung von Facebook Social Plugins<br \/>\nUnser Internetauftritt verwendet Social Plugins (&#8222;Plugins&#8220;) des sozialen Netzwerkes facebook.com, welches von der Facebook Inc., 1601 S. California Ave, Palo Alto, CA 94304, USA betrieben wird (&#8222;Facebook&#8220;). Die Plugins sind mit einem Facebook Logo oder dem Zusatz &#8222;Facebook Social Plugin&#8220; gekennzeichnet. Wenn Sie eine Webseite unseres Internetauftritts aufrufen, die ein solches Plugin enth\u00e4lt, baut Ihr Browser eine direkte Verbindung mit den Servern von Facebook auf. Der Inhalt des Plugins wird von Facebook direkt an Ihren Browser \u00fcbermittelt und von diesem in die Webseite eingebunden. Durch die Einbindung der Plugins erh\u00e4lt Facebook die Information, dass Sie die entsprechende Seite unseres Internetauftritts aufgerufen haben. Sind Sie bei Facebook eingeloggt kann Facebook den Besuch Ihrem Facebook-Konto zuordnen. Wenn Sie mit den Plugins interagieren, zum Beispiel den &#8222;Gef\u00e4llt mir&#8220; Button bet\u00e4tigen oder einen Kommentar abgeben, wird die entsprechende Information von Ihrem Browser direkt an Facebook \u00fcbermittelt und dort gespeichert. Zweck und Umfang der Datenerhebung und die weitere Verarbeitung und Nutzung der Daten durch Facebook sowie Ihre diesbez\u00fcglichen Rechte und Einstellungsm\u00f6glichkeiten zum Schutz Ihrer Privatssph\u00e4re entnehmen Sie bitte den Datenschutzhinweisen von Facebook. Wenn Sie nicht m\u00f6chten, dass Facebook \u00fcber unseren Internetauftritt Daten \u00fcber Sie sammelt, m\u00fcssen Sie sich vor Ihrem Besuch unseres Internetauftritts bei Facebook ausloggen.<\/p>\n","protected":false},"excerpt":{"rendered":"<p>Die auf diesen Seiten publizierten Informationen sind Eigentum des Domaininhabers. Das Kopieren der Inhalte ben\u00f6tigt dessen Zustimmung. Inhaltlich Verantwortlicher gem\u00e4\u00df \u00a7 10 Absatz 3 MDStV sowie \u00a7 6 TDG: Ilona Schickle-Schwan (Anschrift wie unten) Domaininhaber und Admin C: Ilona Schickle-Schwan Ahornstr. 1 75328 Sch\u00f6mberg Deutschland Umsatzsteuer-ID-Nummer &amp; Steuernummer: &#8211; auf Anfrage &#8211; \u00a9 Copyright Ilona [&hellip;]<\/p>\n","protected":false},"author":1,"featured_media":0,"parent":0,"menu_order":0,"comment_status":"closed","ping_status":"closed","template":"page-templates\/full-width.php","meta":{"footnotes":""},"class_list":["post-34","page","type-page","status-publish","hentry"],"_links":{"self":[{"href":"https:\/\/fit-in-bieselsberg.de\/wordpress\/index.php?rest_route=\/wp\/v2\/pages\/34","targetHints":{"allow":["GET"]}}],"collection":[{"href":"https:\/\/fit-in-bieselsberg.de\/wordpress\/index.php?rest_route=\/wp\/v2\/pages"}],"about":[{"href":"https:\/\/fit-in-bieselsberg.de\/wordpress\/index.php?rest_route=\/wp\/v2\/types\/page"}],"author":[{"embeddable":true,"href":"https:\/\/fit-in-bieselsberg.de\/wordpress\/index.php?rest_route=\/wp\/v2\/users\/1"}],"replies":[{"embeddable":true,"href":"https:\/\/fit-in-bieselsberg.de\/wordpress\/index.php?rest_route=%2Fwp%2Fv2%2Fcomments&post=34"}],"version-history":[{"count":2,"href":"https:\/\/fit-in-bieselsberg.de\/wordpress\/index.php?rest_route=\/wp\/v2\/pages\/34\/revisions"}],"predecessor-version":[{"id":73,"href":"https:\/\/fit-in-bieselsberg.de\/wordpress\/index.php?rest_route=\/wp\/v2\/pages\/34\/revisions\/73"}],"wp:attachment":[{"href":"https:\/\/fit-in-bieselsberg.de\/wordpress\/index.php?rest_route=%2Fwp%2Fv2%2Fmedia&parent=34"}],"curies":[{"name":"wp","href":"https:\/\/api.w.org\/{rel}","templated":true}]}}