{"id":27,"date":"2014-04-17T21:16:13","date_gmt":"2014-04-17T21:16:13","guid":{"rendered":"http:\/\/fit-in-bieselsberg.de\/wordpress\/?page_id=27"},"modified":"2024-08-20T12:39:21","modified_gmt":"2024-08-20T10:39:21","slug":"ueber-fit-in-bieselsberg-e-v","status":"publish","type":"page","link":"https:\/\/fit-in-bieselsberg.de\/wordpress\/?page_id=27","title":{"rendered":"\u00dcber Fit in Bieselsberg e.V."},"content":{"rendered":"\n<figure class=\"wp-block-image size-large\"><img loading=\"lazy\" decoding=\"async\" width=\"1024\" height=\"732\" src=\"https:\/\/fit-in-bieselsberg.de\/wordpress\/wp-content\/uploads\/2024\/08\/2024_fitinBieselsberg_069-1024x732.jpg\" alt=\"\" class=\"wp-image-1151\" srcset=\"https:\/\/fit-in-bieselsberg.de\/wordpress\/wp-content\/uploads\/2024\/08\/2024_fitinBieselsberg_069-1024x732.jpg 1024w, https:\/\/fit-in-bieselsberg.de\/wordpress\/wp-content\/uploads\/2024\/08\/2024_fitinBieselsberg_069-300x214.jpg 300w, https:\/\/fit-in-bieselsberg.de\/wordpress\/wp-content\/uploads\/2024\/08\/2024_fitinBieselsberg_069-768x549.jpg 768w, https:\/\/fit-in-bieselsberg.de\/wordpress\/wp-content\/uploads\/2024\/08\/2024_fitinBieselsberg_069-1536x1097.jpg 1536w, https:\/\/fit-in-bieselsberg.de\/wordpress\/wp-content\/uploads\/2024\/08\/2024_fitinBieselsberg_069-624x446.jpg 624w, https:\/\/fit-in-bieselsberg.de\/wordpress\/wp-content\/uploads\/2024\/08\/2024_fitinBieselsberg_069.jpg 2048w\" sizes=\"auto, (max-width: 1024px) 100vw, 1024px\" \/><\/figure>\n\n\n\n<p><\/p>\n\n\n\n<p>Tu dir und deinem K\u00f6rper was Gutes!&nbsp;Fitness, Energie und Lebensfreude dienen der Gesunderhaltung des K\u00f6rpers.&nbsp;Sp\u00fcre das wohlige Gef\u00fchl nach unseren Bewegungsangeboten und komme mit guter Stimmung nach Hause.<\/p>\n\n\n\n<p><span style=\"line-height: 1.714285714; font-size: 1rem;\">Mit Fit in Bieselsberg e.V. bieten wir Fitness- und Sportangebote direkt vor der Haust\u00fcre, durchgef\u00fchrt von qualifizierten \u00dcbungsleitern.&nbsp;&nbsp;Jeder ist herzlich willkommen, jeder trainiert nach seinem Wohlbefinden. Neben einem ganzj\u00e4hrigen <\/span><a style=\"line-height: 1.714285714; font-size: 1rem;\" title=\"Unser Sportangebot\" href=\"http:\/\/fit-in-bieselsberg.de\/wordpress\/?page_id=16\">Sportangebot<\/a><span style=\"line-height: 1.714285714; font-size: 1rem;\">, das eine Mitgliedschaft voraussetzt, bieten wir auch verschiedene Gesundheits- und Trendsport-<\/span><a style=\"line-height: 1.714285714; font-size: 1rem;\" title=\"Kurse\" href=\"http:\/\/fit-in-bieselsberg.de\/wordpress\/?page_id=55\">Kurse<\/a><span style=\"line-height: 1.714285714; font-size: 1rem;\"> an.<\/span><\/p>\n\n\n\n<p>Unsere Turnhalle befindet sich im B\u00fcrgerhaus Bieselsberg, Turnstrasse 3.<\/p>\n\n\n\n<p>Der Verein besteht seit dem 5. Dezember 2013.<\/p>\n\n\n\n<p><strong>Anmeldung:<\/strong><\/p>\n\n\n\n<p>Die Anmeldung erfolgt schriftlich mit dem aktuellen Anmeldeformular aus dem download Bereich bzw. in der Turnhalle. Es gelten die AGBs und die DS-GVO, die ebenfalls im download Bereich zur Verf\u00fcgung stehen.<\/p>\n\n\n\n<p><strong>Unsere Bankverbindung:<\/strong><\/p>\n\n\n\n<p>Volksbank Pforzheim, Kontonummer: 29 559 058, BLZ: 661 900 00<br>\nIBAN: DE03 6619 0000 0029 5590 58 &nbsp; BIC: GENODE61KA1<\/p>\n\n\n\n<p><strong>Kontaktiere uns:<\/strong><\/p>\n\n\n\n<p><a href=\"mailto:FitinBieselsberg@gmail.com\">FitInBieselsber<wbr>g@gmail.com<\/a><br>\nIlona Schickle-Schwan, Tel.: 07235\/3464<\/p>\n","protected":false},"excerpt":{"rendered":"<p>Tu dir und deinem K\u00f6rper was Gutes!&nbsp;Fitness, Energie und Lebensfreude dienen der Gesunderhaltung des K\u00f6rpers.&nbsp;Sp\u00fcre das wohlige Gef\u00fchl nach unseren Bewegungsangeboten und komme mit guter Stimmung nach Hause. Mit Fit in Bieselsberg e.V. bieten wir Fitness- und Sportangebote direkt vor der Haust\u00fcre, durchgef\u00fchrt von qualifizierten \u00dcbungsleitern.&nbsp;&nbsp;Jeder ist herzlich willkommen, jeder trainiert nach seinem Wohlbefinden. Neben [&hellip;]<\/p>\n","protected":false},"author":1,"featured_media":0,"parent":0,"menu_order":0,"comment_status":"closed","ping_status":"closed","template":"","meta":{"footnotes":""},"class_list":["post-27","page","type-page","status-publish","hentry"],"_links":{"self":[{"href":"https:\/\/fit-in-bieselsberg.de\/wordpress\/index.php?rest_route=\/wp\/v2\/pages\/27","targetHints":{"allow":["GET"]}}],"collection":[{"href":"https:\/\/fit-in-bieselsberg.de\/wordpress\/index.php?rest_route=\/wp\/v2\/pages"}],"about":[{"href":"https:\/\/fit-in-bieselsberg.de\/wordpress\/index.php?rest_route=\/wp\/v2\/types\/page"}],"author":[{"embeddable":true,"href":"https:\/\/fit-in-bieselsberg.de\/wordpress\/index.php?rest_route=\/wp\/v2\/users\/1"}],"replies":[{"embeddable":true,"href":"https:\/\/fit-in-bieselsberg.de\/wordpress\/index.php?rest_route=%2Fwp%2Fv2%2Fcomments&post=27"}],"version-history":[{"count":18,"href":"https:\/\/fit-in-bieselsberg.de\/wordpress\/index.php?rest_route=\/wp\/v2\/pages\/27\/revisions"}],"predecessor-version":[{"id":1152,"href":"https:\/\/fit-in-bieselsberg.de\/wordpress\/index.php?rest_route=\/wp\/v2\/pages\/27\/revisions\/1152"}],"wp:attachment":[{"href":"https:\/\/fit-in-bieselsberg.de\/wordpress\/index.php?rest_route=%2Fwp%2Fv2%2Fmedia&parent=27"}],"curies":[{"name":"wp","href":"https:\/\/api.w.org\/{rel}","templated":true}]}}