{"id":16,"date":"2014-04-17T20:56:22","date_gmt":"2014-04-17T20:56:22","guid":{"rendered":"http:\/\/fit-in-bieselsberg.de\/wordpress\/?page_id=16"},"modified":"2025-12-17T13:09:22","modified_gmt":"2025-12-17T12:09:22","slug":"sportangebot","status":"publish","type":"page","link":"https:\/\/fit-in-bieselsberg.de\/wordpress\/?page_id=16","title":{"rendered":"Unser Sportangebot"},"content":{"rendered":"\n<p><strong>Pilates<\/strong><\/p>\n\n\n\n<figure class=\"wp-block-image size-large is-resized\"><a href=\"https:\/\/fit-in-bieselsberg.de\/wordpress\/wp-content\/uploads\/2024\/08\/2024_fitinBieselsberg_135-scaled.jpg\"><img loading=\"lazy\" decoding=\"async\" width=\"731\" height=\"1024\" src=\"https:\/\/fit-in-bieselsberg.de\/wordpress\/wp-content\/uploads\/2024\/08\/2024_fitinBieselsberg_135-731x1024.jpg\" alt=\"\" class=\"wp-image-1149\" style=\"width:473px;height:auto\" srcset=\"https:\/\/fit-in-bieselsberg.de\/wordpress\/wp-content\/uploads\/2024\/08\/2024_fitinBieselsberg_135-731x1024.jpg 731w, https:\/\/fit-in-bieselsberg.de\/wordpress\/wp-content\/uploads\/2024\/08\/2024_fitinBieselsberg_135-214x300.jpg 214w, https:\/\/fit-in-bieselsberg.de\/wordpress\/wp-content\/uploads\/2024\/08\/2024_fitinBieselsberg_135-768x1075.jpg 768w, https:\/\/fit-in-bieselsberg.de\/wordpress\/wp-content\/uploads\/2024\/08\/2024_fitinBieselsberg_135-1097x1536.jpg 1097w, https:\/\/fit-in-bieselsberg.de\/wordpress\/wp-content\/uploads\/2024\/08\/2024_fitinBieselsberg_135-1463x2048.jpg 1463w, https:\/\/fit-in-bieselsberg.de\/wordpress\/wp-content\/uploads\/2024\/08\/2024_fitinBieselsberg_135-624x874.jpg 624w, https:\/\/fit-in-bieselsberg.de\/wordpress\/wp-content\/uploads\/2024\/08\/2024_fitinBieselsberg_135-scaled.jpg 1829w\" sizes=\"auto, (max-width: 731px) 100vw, 731px\" \/><\/a><figcaption class=\"wp-element-caption\">Pilates mit Silke<\/figcaption><\/figure>\n\n\n\n<p>Pilates ist ein ganzheitliches K\u00f6rpertraining, in dem vor allem die tief liegenden, kleinen und meist schw\u00e4cheren Muskelgruppen angesprochen werden, die f\u00fcr eine korrekte und gesunde K\u00f6rperhaltung sorgen sollen. Das Pilates Training zeigt enorme Ergebnisse bei der Entlastung von chronischen R\u00fcckenschmerzen. Die Muskeln des Beckenbodens und die tiefe Rumpfmuskulatur werden gezielt gekr\u00e4ftigt. Alle Bewegungen werden langsam und flie\u00dfend ausgef\u00fchrt, wodurch die Muskeln und die Gelenke geschont werden. Gleichzeitig wird die&nbsp; tiefe Atmung geschult.<\/p>\n\n\n\n<p>Montags, 19.00 \u2013 20.00 Uhr &nbsp;&amp; &nbsp;<span style=\"line-height: 1.714285714; font-size: 1rem;\">20.00 \u2013 21.00 Uhr<\/span><\/p>\n\n\n\n<p><strong>Aerobic<\/strong><\/p>\n\n\n\n<figure class=\"wp-block-image size-large is-resized\"><a href=\"https:\/\/fit-in-bieselsberg.de\/wordpress\/wp-content\/uploads\/2024\/08\/2024_fitinBieselsberg_126-scaled.jpg\"><img loading=\"lazy\" decoding=\"async\" width=\"731\" height=\"1024\" src=\"https:\/\/fit-in-bieselsberg.de\/wordpress\/wp-content\/uploads\/2024\/08\/2024_fitinBieselsberg_126-731x1024.jpg\" alt=\"\" class=\"wp-image-1145\" style=\"width:465px;height:auto\" srcset=\"https:\/\/fit-in-bieselsberg.de\/wordpress\/wp-content\/uploads\/2024\/08\/2024_fitinBieselsberg_126-731x1024.jpg 731w, https:\/\/fit-in-bieselsberg.de\/wordpress\/wp-content\/uploads\/2024\/08\/2024_fitinBieselsberg_126-214x300.jpg 214w, https:\/\/fit-in-bieselsberg.de\/wordpress\/wp-content\/uploads\/2024\/08\/2024_fitinBieselsberg_126-768x1075.jpg 768w, https:\/\/fit-in-bieselsberg.de\/wordpress\/wp-content\/uploads\/2024\/08\/2024_fitinBieselsberg_126-1097x1536.jpg 1097w, https:\/\/fit-in-bieselsberg.de\/wordpress\/wp-content\/uploads\/2024\/08\/2024_fitinBieselsberg_126-1463x2048.jpg 1463w, https:\/\/fit-in-bieselsberg.de\/wordpress\/wp-content\/uploads\/2024\/08\/2024_fitinBieselsberg_126-624x874.jpg 624w, https:\/\/fit-in-bieselsberg.de\/wordpress\/wp-content\/uploads\/2024\/08\/2024_fitinBieselsberg_126-scaled.jpg 1829w\" sizes=\"auto, (max-width: 731px) 100vw, 731px\" \/><\/a><\/figure>\n\n\n\n<p>Aerobic ist ein dynamisches Fitnesstraining in der Gruppe mit rhythmischen Bewegungen zu motivierender Musik. Die Grundelemente sind haupts\u00e4chlich (aerobe) Ausdauer und Koordination. Die in einer Choreografie zusammengestellten \u00dcbungen sind eine Mischung aus klassischer Gymnastik und Tanz. Es wird abwechselnd mit dem Step Ausdauer und Kr\u00e4ftigung von Bauch, Beinen und Po trainiert.<\/p>\n\n\n\n<p>Donnerstags, 20.00 \u2013 21.00 Uhr<\/p>\n\n\n\n<p><strong>Zumba<\/strong><\/p>\n\n\n\n<figure class=\"wp-block-image size-large is-resized\"><a href=\"https:\/\/fit-in-bieselsberg.de\/wordpress\/wp-content\/uploads\/2024\/08\/2024_fitinBieselsberg_141-scaled.jpg\"><img loading=\"lazy\" decoding=\"async\" width=\"731\" height=\"1024\" src=\"https:\/\/fit-in-bieselsberg.de\/wordpress\/wp-content\/uploads\/2024\/08\/2024_fitinBieselsberg_141-731x1024.jpg\" alt=\"\" class=\"wp-image-1144\" style=\"width:466px;height:auto\" srcset=\"https:\/\/fit-in-bieselsberg.de\/wordpress\/wp-content\/uploads\/2024\/08\/2024_fitinBieselsberg_141-731x1024.jpg 731w, https:\/\/fit-in-bieselsberg.de\/wordpress\/wp-content\/uploads\/2024\/08\/2024_fitinBieselsberg_141-214x300.jpg 214w, https:\/\/fit-in-bieselsberg.de\/wordpress\/wp-content\/uploads\/2024\/08\/2024_fitinBieselsberg_141-768x1076.jpg 768w, https:\/\/fit-in-bieselsberg.de\/wordpress\/wp-content\/uploads\/2024\/08\/2024_fitinBieselsberg_141-1097x1536.jpg 1097w, https:\/\/fit-in-bieselsberg.de\/wordpress\/wp-content\/uploads\/2024\/08\/2024_fitinBieselsberg_141-1462x2048.jpg 1462w, https:\/\/fit-in-bieselsberg.de\/wordpress\/wp-content\/uploads\/2024\/08\/2024_fitinBieselsberg_141-624x874.jpg 624w, https:\/\/fit-in-bieselsberg.de\/wordpress\/wp-content\/uploads\/2024\/08\/2024_fitinBieselsberg_141-scaled.jpg 1828w\" sizes=\"auto, (max-width: 731px) 100vw, 731px\" \/><\/a><figcaption class=\"wp-element-caption\">Zumba mit Pina<\/figcaption><\/figure>\n\n\n\n<p>Zumba ist eine Mischung aus Aerobic und \u00fcberwiegend lateinamerikanischen Tanzelementen. Die Musik und die Tanzschritte kommen unter anderem aus den folgenden Stilen: Salsa, Merengue, Mambo, Chachacha, Bauchtanz und Hip Hop. Die Tanzschritte des jeweiligen Musikstiles werden innerhalb der Choreografie mit Aerobic-Elementen (z.B. Kniebeuge, Ausfallschritt) verbunden, um den Belastungsgrad zu steigern. Zumba ist ein anspruchsvolles Ganzk\u00f6rpertraining und ist zur Verbrennung von k\u00f6rpereigenem Fett geeignet. Zumba macht sehr viel Spa\u00df. Wer gerne tanzt und sich auf Musik bewegt ist hier bestens aufgehoben.<\/p>\n\n\n\n<p>Donnerstags, <span style=\"line-height: 1.714285714; font-size: 1rem;\">19.00 \u2013 20.00 Uhr<\/span><\/p>\n\n\n\n<p><strong>R\u00fcckenaktiv-R\u00fcckenfit<\/strong><\/p>\n\n\n\n<figure class=\"wp-block-image size-large is-resized\"><a href=\"https:\/\/fit-in-bieselsberg.de\/wordpress\/wp-content\/uploads\/2022\/01\/V5A8765.jpg\"><img loading=\"lazy\" decoding=\"async\" width=\"1024\" height=\"731\" src=\"https:\/\/fit-in-bieselsberg.de\/wordpress\/wp-content\/uploads\/2022\/01\/V5A8765-1024x731.jpg\" alt=\"\" class=\"wp-image-704\" srcset=\"https:\/\/fit-in-bieselsberg.de\/wordpress\/wp-content\/uploads\/2022\/01\/V5A8765-1024x731.jpg 1024w, https:\/\/fit-in-bieselsberg.de\/wordpress\/wp-content\/uploads\/2022\/01\/V5A8765-300x214.jpg 300w, https:\/\/fit-in-bieselsberg.de\/wordpress\/wp-content\/uploads\/2022\/01\/V5A8765-768x548.jpg 768w, https:\/\/fit-in-bieselsberg.de\/wordpress\/wp-content\/uploads\/2022\/01\/V5A8765-1536x1097.jpg 1536w, https:\/\/fit-in-bieselsberg.de\/wordpress\/wp-content\/uploads\/2022\/01\/V5A8765-2048x1462.jpg 2048w, https:\/\/fit-in-bieselsberg.de\/wordpress\/wp-content\/uploads\/2022\/01\/V5A8765-624x446.jpg 624w\" sizes=\"auto, (max-width: 1024px) 100vw, 1024px\" \/><\/a><figcaption class=\"wp-element-caption\">R\u00fcckenfit mit Jessy<\/figcaption><\/figure>\n\n\n\n<p>Bewegungsmangel,&nbsp;Stress, sowie einseitige Belastung im Beruf und Alltag f\u00fchren h\u00e4ufig zu R\u00fcckenschmerzen. Durch gezielte Gymnastik wird die Beweglichkeit der Wirbels\u00e4ule verbessert. Spezielle und effektive Kr\u00e4ftigungs\u00fcbungen st\u00e4rken die gesamte R\u00fccken- und Rumpfmuskulatur und verbessern dadurch die K\u00f6rperhaltung. Trainiert wird mit und ohne Kleinger\u00e4te, begleitet von Musik. Abgerundet wird die Stunde durch Dehnungs- und Entspannungs\u00fcbungen.<\/p>\n\n\n\n<p class=\"western\">Dienstags, 19:00 &#8211; 20:00 Uhr<\/p>\n\n\n\n<p class=\"western\"><strong>Functional Fitness<\/strong><\/p>\n\n\n\n<figure class=\"wp-block-image size-large\"><a href=\"https:\/\/fit-in-bieselsberg.de\/wordpress\/wp-content\/uploads\/2022\/01\/V5A8804.jpg\"><img loading=\"lazy\" decoding=\"async\" width=\"1024\" height=\"731\" src=\"https:\/\/fit-in-bieselsberg.de\/wordpress\/wp-content\/uploads\/2022\/01\/V5A8804-1024x731.jpg\" alt=\"\" class=\"wp-image-707\" srcset=\"https:\/\/fit-in-bieselsberg.de\/wordpress\/wp-content\/uploads\/2022\/01\/V5A8804-1024x731.jpg 1024w, https:\/\/fit-in-bieselsberg.de\/wordpress\/wp-content\/uploads\/2022\/01\/V5A8804-300x214.jpg 300w, https:\/\/fit-in-bieselsberg.de\/wordpress\/wp-content\/uploads\/2022\/01\/V5A8804-768x548.jpg 768w, https:\/\/fit-in-bieselsberg.de\/wordpress\/wp-content\/uploads\/2022\/01\/V5A8804-1536x1097.jpg 1536w, https:\/\/fit-in-bieselsberg.de\/wordpress\/wp-content\/uploads\/2022\/01\/V5A8804-2048x1462.jpg 2048w, https:\/\/fit-in-bieselsberg.de\/wordpress\/wp-content\/uploads\/2022\/01\/V5A8804-624x446.jpg 624w\" sizes=\"auto, (max-width: 1024px) 100vw, 1024px\" \/><\/a><figcaption class=\"wp-element-caption\">Functional Training mit Jessy<\/figcaption><\/figure>\n\n\n\n<p class=\"western\"><\/p>\n\n\n\n<p class=\"western\">Der neue Trainingstrend Functional Training setzt auf freie \u00dcbungen zur Stabilisierung und Gesunderhaltung des Bewegungsapparates &#8211; sch\u00f6ne Muskeln gibt es gratis dazu.<\/p>\n\n\n\n<p class=\"western\">Gewichte stemmen an Kraftger\u00e4ten war gestern: Es verspricht alles andere als langweilige monotone Kraft\u00fcbungen mit endlosen Wiederholungen. Stattdessen stehen bei den \u00dcbungen mit dem eigenen K\u00f6rpergewicht die Bewegung, Abwechslung und das Gruppenerlebnis im Vordergrund. Das Konzept des Functional Trainings orientiert sich sehr stark an der Funktionalit\u00e4t von Alltags- und Sportbewegungen. Hier wird vor allem die Kraftausdauer trainiert, \u00dcbungen zur Beweglichkeit, Stabilit\u00e4t und Haltung flie\u00dfen immer mit ein. Schon bald wird sich ein neues K\u00f6rpergef\u00fchl und eine gesteigerte Fitness einstellen. Es ist f\u00fcr Frauen und M\u00e4nner geeignet.<\/p>\n\n\n\n<p class=\"western\">Dienstags, 20:00 &#8211; 21:00 Uhr<\/p>\n\n\n\n<p><strong>Fit in den Tag<\/strong><\/p>\n\n\n\n<figure class=\"wp-block-image size-large\"><a href=\"https:\/\/fit-in-bieselsberg.de\/wordpress\/wp-content\/uploads\/2024\/08\/2024_fitinBieselsberg_083.jpg\"><img loading=\"lazy\" decoding=\"async\" width=\"1024\" height=\"732\" src=\"https:\/\/fit-in-bieselsberg.de\/wordpress\/wp-content\/uploads\/2024\/08\/2024_fitinBieselsberg_083-1024x732.jpg\" alt=\"\" class=\"wp-image-1148\" srcset=\"https:\/\/fit-in-bieselsberg.de\/wordpress\/wp-content\/uploads\/2024\/08\/2024_fitinBieselsberg_083-1024x732.jpg 1024w, https:\/\/fit-in-bieselsberg.de\/wordpress\/wp-content\/uploads\/2024\/08\/2024_fitinBieselsberg_083-300x214.jpg 300w, https:\/\/fit-in-bieselsberg.de\/wordpress\/wp-content\/uploads\/2024\/08\/2024_fitinBieselsberg_083-768x549.jpg 768w, https:\/\/fit-in-bieselsberg.de\/wordpress\/wp-content\/uploads\/2024\/08\/2024_fitinBieselsberg_083-1536x1097.jpg 1536w, https:\/\/fit-in-bieselsberg.de\/wordpress\/wp-content\/uploads\/2024\/08\/2024_fitinBieselsberg_083-624x446.jpg 624w, https:\/\/fit-in-bieselsberg.de\/wordpress\/wp-content\/uploads\/2024\/08\/2024_fitinBieselsberg_083.jpg 2048w\" sizes=\"auto, (max-width: 1024px) 100vw, 1024px\" \/><\/a><figcaption class=\"wp-element-caption\"><em>Monica Hemme, Group Fitness- und R\u00fcckentrainerin<\/em><\/figcaption><\/figure>\n\n\n\n<p>Starten Sie in den Tag mit einem vielseitigen Training f\u00fcr Jung und Alt. Mit diesem Kurs werden Sie am Vormittag in Schwung gebracht und k\u00f6nnen den Tag gleich fr\u00f6hlich beginnen. \u00dcbungen zur Kr\u00e4ftigung der Muskulatur, Dehnungs\u00fcbungen mal mit, mal ohne Handger\u00e4t aus den verschiedenen Bereichen Pilates, Yoga oder R\u00fcckengymnastik machen Sie fit und Sie werden sich bald viel wohler f\u00fchlen. Die passende Musik unterst\u00fctzt das Training, so dass man mit viel Freude und Spa\u00df dabei ist. Monica versteht es, ihre Stunden f\u00fcr jeden Teilnehmer entsprechend seinem K\u00f6nnen zu gestalten, so dass jeder eine positive Erfahrung mit nach Hause nimmt und sich schon auf die n\u00e4chste Stunde freut.<br>Mitzubringen ist eine Gymnastikmatte.<\/p>\n\n\n\n<p>Dienstags, 9:15 &#8211; 10:15 Uhr <strong><br><\/strong><\/p>\n\n\n\n<h2 class=\"wp-block-heading\">Gesundes R\u00fcckentraining<\/h2>\n\n\n\n<figure class=\"wp-block-image size-large is-resized\"><a href=\"https:\/\/fit-in-bieselsberg.de\/wordpress\/wp-content\/uploads\/2024\/11\/20241123_144800.jpg\"><img loading=\"lazy\" decoding=\"async\" width=\"768\" height=\"1024\" src=\"https:\/\/fit-in-bieselsberg.de\/wordpress\/wp-content\/uploads\/2024\/11\/20241123_144800-768x1024.jpg\" alt=\"\" class=\"wp-image-1215\" style=\"width:561px;height:auto\" srcset=\"https:\/\/fit-in-bieselsberg.de\/wordpress\/wp-content\/uploads\/2024\/11\/20241123_144800-768x1024.jpg 768w, https:\/\/fit-in-bieselsberg.de\/wordpress\/wp-content\/uploads\/2024\/11\/20241123_144800-225x300.jpg 225w, https:\/\/fit-in-bieselsberg.de\/wordpress\/wp-content\/uploads\/2024\/11\/20241123_144800-624x832.jpg 624w, https:\/\/fit-in-bieselsberg.de\/wordpress\/wp-content\/uploads\/2024\/11\/20241123_144800.jpg 963w\" sizes=\"auto, (max-width: 768px) 100vw, 768px\" \/><\/a><figcaption class=\"wp-element-caption\"><em>Lilly Brose, Trainerin f\u00fcr gesundes R\u00fcckentraining<\/em><\/figcaption><\/figure>\n\n\n\n<p>Bewegungsmangel,&nbsp;Stress, sowie einseitige Belastung im Beruf und Alltag f\u00fchren h\u00e4ufig zu R\u00fcckenschmerzen. Bewegung gilt als Schl\u00fcsselelement in der Behandlung unspezifischer R\u00fcckenschmerzen. Durch gezielte Gymnastik wird die Beweglichkeit der Wirbels\u00e4ule verbessert. Spezielle und effektive Kr\u00e4ftigungs\u00fcbungen st\u00e4rken die gesamte R\u00fccken- und Rumpfmuskulatur und verbessern dadurch die K\u00f6rperhaltung. Trainiert wird mit und ohne Kleinger\u00e4te, begleitet von Musik. Abgerundet wird die Stunde durch Dehnungs- und Entspannungs\u00fcbungen.<\/p>\n\n\n\n<p>Freitags, 17:30 \u2013 18:30 Uhr<br><\/p>\n\n\n\n<h2 class=\"wp-block-heading\">Fit und gesund im Alter \u2013 Seniorentraining f\u00fcr mehr Lebensfreude<\/h2>\n\n\n\n<figure class=\"wp-block-image size-large is-resized\"><a href=\"https:\/\/fit-in-bieselsberg.de\/wordpress\/wp-content\/uploads\/2025\/12\/20251208_093641.jpg\"><img loading=\"lazy\" decoding=\"async\" width=\"768\" height=\"1024\" src=\"https:\/\/fit-in-bieselsberg.de\/wordpress\/wp-content\/uploads\/2025\/12\/20251208_093641-768x1024.jpg\" alt=\"\" class=\"wp-image-1501\" style=\"aspect-ratio:0.7500044728320183;width:549px;height:auto\" srcset=\"https:\/\/fit-in-bieselsberg.de\/wordpress\/wp-content\/uploads\/2025\/12\/20251208_093641-768x1024.jpg 768w, https:\/\/fit-in-bieselsberg.de\/wordpress\/wp-content\/uploads\/2025\/12\/20251208_093641-225x300.jpg 225w, https:\/\/fit-in-bieselsberg.de\/wordpress\/wp-content\/uploads\/2025\/12\/20251208_093641-624x832.jpg 624w, https:\/\/fit-in-bieselsberg.de\/wordpress\/wp-content\/uploads\/2025\/12\/20251208_093641.jpg 914w\" sizes=\"auto, (max-width: 768px) 100vw, 768px\" \/><\/a><\/figure>\n\n\n\n<p>Bewegung h\u00e4lt jung!<br>Unser spezielles Seniorentraining richtet sich an alle, die auch im Alter fit, beweglich und gesund bleiben m\u00f6chten \u2013 ganz unabh\u00e4ngig vom aktuellen Fitnessstand.<\/p>\n\n\n\n<p>In angenehmer Atmosph\u00e4re trainieren wir gemeinsam Kraft, Ausdauer, Gleichgewicht und Beweglichkeit. Das Training ist schonend, aber wirkungsvoll \u2013 angepasst an Ihre Bed\u00fcrfnisse und M\u00f6glichkeiten. Dabei stehen Freude an der Bewegung, soziale Kontakte und die F\u00f6rderung der Selbstst\u00e4ndigkeit im Alltag im Mittelpunkt.<\/p>\n\n\n\n<p>Was Sie erwartet:<br>\u2705 Sanftes Ganzk\u00f6rpertraining<br>\u2705 \u00dcbungen f\u00fcr Koordination &amp; Balance<br>\u2705 Sturzprophylaxe<br>\u2705 Mobilisierung und leichte Kr\u00e4ftigung<br>\u2705 Musik, Spa\u00df und gute Gesellschaft<\/p>\n\n\n\n<p>F\u00fcr wen geeignet?<br>F\u00fcr Seniorinnen und Senioren jeden Alters \u2013 auch mit Bewegungseinschr\u00e4nkungen oder nach l\u00e4ngerer Pause. Vorkenntnisse sind nicht erforderlich!<\/p>\n\n\n\n<p>Montags, 9:30 &#8211; 10:30<\/p>\n","protected":false},"excerpt":{"rendered":"<p>Pilates Pilates ist ein ganzheitliches K\u00f6rpertraining, in dem vor allem die tief liegenden, kleinen und meist schw\u00e4cheren Muskelgruppen angesprochen werden, die f\u00fcr eine korrekte und gesunde K\u00f6rperhaltung sorgen sollen. Das Pilates Training zeigt enorme Ergebnisse bei der Entlastung von chronischen R\u00fcckenschmerzen. Die Muskeln des Beckenbodens und die tiefe Rumpfmuskulatur werden gezielt gekr\u00e4ftigt. Alle Bewegungen werden [&hellip;]<\/p>\n","protected":false},"author":1,"featured_media":0,"parent":0,"menu_order":0,"comment_status":"closed","ping_status":"closed","template":"","meta":{"footnotes":""},"class_list":["post-16","page","type-page","status-publish","hentry"],"_links":{"self":[{"href":"https:\/\/fit-in-bieselsberg.de\/wordpress\/index.php?rest_route=\/wp\/v2\/pages\/16","targetHints":{"allow":["GET"]}}],"collection":[{"href":"https:\/\/fit-in-bieselsberg.de\/wordpress\/index.php?rest_route=\/wp\/v2\/pages"}],"about":[{"href":"https:\/\/fit-in-bieselsberg.de\/wordpress\/index.php?rest_route=\/wp\/v2\/types\/page"}],"author":[{"embeddable":true,"href":"https:\/\/fit-in-bieselsberg.de\/wordpress\/index.php?rest_route=\/wp\/v2\/users\/1"}],"replies":[{"embeddable":true,"href":"https:\/\/fit-in-bieselsberg.de\/wordpress\/index.php?rest_route=%2Fwp%2Fv2%2Fcomments&post=16"}],"version-history":[{"count":41,"href":"https:\/\/fit-in-bieselsberg.de\/wordpress\/index.php?rest_route=\/wp\/v2\/pages\/16\/revisions"}],"predecessor-version":[{"id":1498,"href":"https:\/\/fit-in-bieselsberg.de\/wordpress\/index.php?rest_route=\/wp\/v2\/pages\/16\/revisions\/1498"}],"wp:attachment":[{"href":"https:\/\/fit-in-bieselsberg.de\/wordpress\/index.php?rest_route=%2Fwp%2Fv2%2Fmedia&parent=16"}],"curies":[{"name":"wp","href":"https:\/\/api.w.org\/{rel}","templated":true}]}}